{"id":1802,"date":"2024-03-26T12:09:34","date_gmt":"2024-03-26T15:09:34","guid":{"rendered":"https:\/\/irenemendez.com.br\/acerca-de\/"},"modified":"2025-10-28T13:57:36","modified_gmt":"2025-10-28T16:57:36","slug":"acerca-de","status":"publish","type":"page","link":"https:\/\/irenemendez.com.br\/es\/acerca-de\/","title":{"rendered":"Acerca de"},"content":{"rendered":"\t\t<div data-elementor-type=\"wp-page\" data-elementor-id=\"1802\" class=\"elementor elementor-1802 elementor-355\" data-elementor-post-type=\"page\">\n\t\t\t\t<div class=\"elementor-element elementor-element-334e77d e-flex e-con-boxed e-con e-parent\" data-id=\"334e77d\" data-element_type=\"container\" data-e-type=\"container\" data-settings=\"{&quot;background_background&quot;:&quot;gradient&quot;}\">\n\t\t\t\t\t<div class=\"e-con-inner\">\n\t\t<div class=\"elementor-element elementor-element-15d65a9 e-con-full e-flex e-con e-child\" data-id=\"15d65a9\" data-element_type=\"container\" data-e-type=\"container\">\n\t\t\t\t<div class=\"elementor-element elementor-element-98642d1 animated-slow elementor-invisible elementor-widget elementor-widget-heading\" data-id=\"98642d1\" data-element_type=\"widget\" data-e-type=\"widget\" data-settings=\"{&quot;_animation&quot;:&quot;fadeInUp&quot;,&quot;_animation_delay&quot;:20}\" data-widget_type=\"heading.default\">\n\t\t\t\t<div class=\"elementor-widget-container\">\n\t\t\t\t\t<h2 class=\"elementor-heading-title elementor-size-default\">IRENE M\u00c9NDEZ-\nMANJ\u00d3N<\/h2>\t\t\t\t<\/div>\n\t\t\t\t<\/div>\n\t\t\t\t<div class=\"elementor-element elementor-element-41c1dbe elementor-widget elementor-widget-text-editor\" data-id=\"41c1dbe\" data-element_type=\"widget\" data-e-type=\"widget\" data-widget_type=\"text-editor.default\">\n\t\t\t\t<div class=\"elementor-widget-container\">\n\t\t\t\t\t\t\t\t\t<p>Especialista en Cirug\u00eda Oral y Maxilofacial y Traumatolog\u00eda, M\u00e1ster y Doctorado. Postgraduada en Dolor por el Hospital Israelita Albert Einstein, la Dra. Irene M\u00e9ndez-Manj\u00f3n a\u00fana una formaci\u00f3n acad\u00e9mica de excelencia internacional y una consolidada carrera cl\u00ednica.  <\/p><p>De origen espa\u00f1ol, se licenci\u00f3 en Odontolog\u00eda por la Universidad de Santiago de Compostela, en Espa\u00f1a, y obtuvo el Premio Extraordinario Fin de Carrera al mejor rendimiento acad\u00e9mico del a\u00f1o.<\/p><p>A continuaci\u00f3n, inici\u00f3 su carrera en Barcelona (Espa\u00f1a), donde realiz\u00f3 una Residencia Cl\u00ednica en Implantolog\u00eda Oral, un M\u00e1ster en Investigaci\u00f3n Cl\u00ednica y Biomateriales en Odontolog\u00eda y el M\u00e1ster Internacional en Cirug\u00eda Oral, un programa de formaci\u00f3n te\u00f3rico-pr\u00e1ctica de tres a\u00f1os de duraci\u00f3n en el que s\u00f3lo se forman seis estudiantes al a\u00f1o en los campos de la cirug\u00eda, la implantolog\u00eda y la rehabilitaci\u00f3n oral.<\/p><p>Se doctor\u00f3 con menci\u00f3n especial a la excelencia Cum Laude, por su investigaci\u00f3n sobre la Articulaci\u00f3n Temporomandibular en el contexto de la Cirug\u00eda Ortogn\u00e1tica. A partir de entonces, fue profesora en la Universidad Internacional de Catalu\u00f1a (UIC-Barcelona), en el M\u00e1ster Internacional en Cirug\u00eda Bucal y Patolog\u00eda M\u00e9dico-Quir\u00fargica. <\/p><p>Todav\u00eda en Barcelona, tuvo la oportunidad de trabajar en el Instituto Maxilofacial del Centro M\u00e9dico Teknon, considerado el mejor centro privado de cirug\u00eda maxilofacial de Espa\u00f1a durante tres a\u00f1os consecutivos, seg\u00fan el Monitor de Reputaci\u00f3n Sanitaria (MRS).<\/p><p>Hace seis a\u00f1os se traslad\u00f3 a Brasil por motivos familiares y hoy se siente realizado ejerciendo su profesi\u00f3n en este pa\u00eds.<\/p><p>A lo largo de su carrera, ha publicado varios art\u00edculos cient\u00edficos internacionales, los m\u00e1s recientes:<br>\u00abDefinici\u00f3n de nuevos an\u00e1lisis cefalom\u00e9tricos tridimensionales de la relaci\u00f3n sagital maxilomandibular de la ortodoncia y la cirug\u00eda ortogn\u00e1tica: datos normativos basados en 700 escaneados CBCT\u00bb (2023).<\/p><p>Es conferenciante internacional, autora de art\u00edculos publicados en revistas arbitradas, ex profesora del Master Internacional en Cirug\u00eda Bucal (UIC-Barcelona) y Profesora Invitada ad honorem de la Universidad de Buenos Aires (Argentina).<\/p>\t\t\t\t\t\t\t\t<\/div>\n\t\t\t\t<\/div>\n\t\t\t\t<\/div>\n\t\t<div class=\"elementor-element elementor-element-a99e5dc e-con-full e-flex e-con e-child\" data-id=\"a99e5dc\" data-element_type=\"container\" data-e-type=\"container\">\n\t\t\t\t<div class=\"elementor-element elementor-element-af8cf02 animated-slow elementor-invisible elementor-widget elementor-widget-image\" data-id=\"af8cf02\" data-element_type=\"widget\" data-e-type=\"widget\" data-settings=\"{&quot;_animation&quot;:&quot;fadeIn&quot;}\" data-widget_type=\"image.default\">\n\t\t\t\t<div class=\"elementor-widget-container\">\n\t\t\t\t\t\t\t\t\t\t\t\t\t\t\t<img fetchpriority=\"high\" decoding=\"async\" width=\"767\" height=\"1024\" src=\"https:\/\/irenemendez.com.br\/wp-content\/uploads\/2024\/03\/imf-irene-sobre-767x1024.png\" class=\"attachment-large size-large wp-image-1354\" alt=\"\" srcset=\"https:\/\/irenemendez.com.br\/wp-content\/uploads\/2024\/03\/imf-irene-sobre-767x1024.png 767w, https:\/\/irenemendez.com.br\/wp-content\/uploads\/2024\/03\/imf-irene-sobre-225x300.png 225w, https:\/\/irenemendez.com.br\/wp-content\/uploads\/2024\/03\/imf-irene-sobre-768x1026.png 768w, https:\/\/irenemendez.com.br\/wp-content\/uploads\/2024\/03\/imf-irene-sobre.png 894w\" sizes=\"(max-width: 767px) 100vw, 767px\" \/>\t\t\t\t\t\t\t\t\t\t\t\t\t\t\t<\/div>\n\t\t\t\t<\/div>\n\t\t\t\t<\/div>\n\t\t\t\t\t<\/div>\n\t\t\t\t<\/div>\n\t\t<div class=\"elementor-element elementor-element-f756fdc e-flex e-con-boxed e-con e-parent\" data-id=\"f756fdc\" data-element_type=\"container\" data-e-type=\"container\" data-settings=\"{&quot;background_background&quot;:&quot;classic&quot;}\">\n\t\t\t\t\t<div class=\"e-con-inner\">\n\t\t\t\t<div class=\"elementor-element elementor-element-7382cfe animated-slow elementor-widget__width-inherit elementor-invisible elementor-widget elementor-widget-heading\" data-id=\"7382cfe\" data-element_type=\"widget\" data-e-type=\"widget\" data-settings=\"{&quot;_animation&quot;:&quot;fadeInUp&quot;,&quot;_animation_delay&quot;:20}\" data-widget_type=\"heading.default\">\n\t\t\t\t<div class=\"elementor-widget-container\">\n\t\t\t\t\t<h2 class=\"elementor-heading-title elementor-size-default\">Empleados<\/h2>\t\t\t\t<\/div>\n\t\t\t\t<\/div>\n\t\t<div class=\"elementor-element elementor-element-33300c1 e-con-full e-flex e-con e-child\" data-id=\"33300c1\" data-element_type=\"container\" data-e-type=\"container\">\n\t\t\t\t<div class=\"elementor-element elementor-element-0634bbc elementor-widget elementor-widget-image\" data-id=\"0634bbc\" data-element_type=\"widget\" data-e-type=\"widget\" data-widget_type=\"image.default\">\n\t\t\t\t<div class=\"elementor-widget-container\">\n\t\t\t\t\t\t\t\t\t\t\t\t\t\t\t<img decoding=\"async\" width=\"800\" height=\"871\" src=\"https:\/\/irenemendez.com.br\/wp-content\/uploads\/2024\/05\/foto-raquel.jpg\" class=\"attachment-large size-large wp-image-1424\" alt=\"\" srcset=\"https:\/\/irenemendez.com.br\/wp-content\/uploads\/2024\/05\/foto-raquel.jpg 802w, https:\/\/irenemendez.com.br\/wp-content\/uploads\/2024\/05\/foto-raquel-276x300.jpg 276w, https:\/\/irenemendez.com.br\/wp-content\/uploads\/2024\/05\/foto-raquel-768x836.jpg 768w\" sizes=\"(max-width: 800px) 100vw, 800px\" \/>\t\t\t\t\t\t\t\t\t\t\t\t\t\t\t<\/div>\n\t\t\t\t<\/div>\n\t\t\t\t<\/div>\n\t\t<div class=\"elementor-element elementor-element-7915d2e e-con-full e-flex e-con e-child\" data-id=\"7915d2e\" data-element_type=\"container\" data-e-type=\"container\">\n\t\t\t\t<div class=\"elementor-element elementor-element-f9c2685 elementor-widget elementor-widget-heading\" data-id=\"f9c2685\" data-element_type=\"widget\" data-e-type=\"widget\" data-widget_type=\"heading.default\">\n\t\t\t\t<div class=\"elementor-widget-container\">\n\t\t\t\t\t<h2 class=\"elementor-heading-title elementor-size-default\">Dra. Raquel Marinho <\/h2>\t\t\t\t<\/div>\n\t\t\t\t<\/div>\n\t\t\t\t<div class=\"elementor-element elementor-element-fa1efdc elementor-widget elementor-widget-text-editor\" data-id=\"fa1efdc\" data-element_type=\"widget\" data-e-type=\"widget\" data-widget_type=\"text-editor.default\">\n\t\t\t\t<div class=\"elementor-widget-container\">\n\t\t\t\t\t\t\t\t\t<p>La Dra. Raquel Rodrigues Marinho, cari\u00f1osamente llamada \u00abmanos de hada\u00bb por sus pacientes. <\/p><p>Dentista dedicada con m\u00e1s de 9 a\u00f1os de experiencia en odontolog\u00eda est\u00e9tica, centrada en embellecer sonrisas y restaurar la funci\u00f3n dental.<\/p><p>Especializados en procedimientos que devuelven la est\u00e9tica y la salud bucodental a los pacientes, combinando habilidades t\u00e9cnicas avanzadas con un enfoque centrado en el paciente. Experiencia en prevenci\u00f3n y diagn\u00f3stico precoz, promoviendo una salud bucodental integral. <\/p>\t\t\t\t\t\t\t\t<\/div>\n\t\t\t\t<\/div>\n\t\t\t\t<\/div>\n\t\t<div class=\"elementor-element elementor-element-1a96536 e-con-full e-flex e-con e-child\" data-id=\"1a96536\" data-element_type=\"container\" data-e-type=\"container\">\n\t\t\t\t<div class=\"elementor-element elementor-element-8d368be elementor-widget elementor-widget-heading\" data-id=\"8d368be\" data-element_type=\"widget\" data-e-type=\"widget\" data-widget_type=\"heading.default\">\n\t\t\t\t<div class=\"elementor-widget-container\">\n\t\t\t\t\t<h2 class=\"elementor-heading-title elementor-size-default\">Dra. Izabella Marsico <\/h2>\t\t\t\t<\/div>\n\t\t\t\t<\/div>\n\t\t\t\t<div class=\"elementor-element elementor-element-0ef6233 elementor-widget elementor-widget-text-editor\" data-id=\"0ef6233\" data-element_type=\"widget\" data-e-type=\"widget\" data-widget_type=\"text-editor.default\">\n\t\t\t\t<div class=\"elementor-widget-container\">\n\t\t\t\t\t\t\t\t\t<p>  Es fisioterapeuta desde hace 8 a\u00f1os, con un posgrado en Acupuntura del M\u00e9todo McKenzie. Su enfoque personalizado utiliza esta t\u00e9cnica para prescribir movimientos y posturas adecuados, fomentando el alivio del dolor y restableciendo la funcionalidad de los pacientes. <\/p><p>Especialista en el tratamiento del dolor cr\u00f3nico, la Dra. Izabella tiene amplia experiencia en cefaleas tensionales, dolor cervical relacionado con la articulaci\u00f3n temporomandibular (ATM) y disfunciones de los m\u00fasculos masticatorios. Tambi\u00e9n domina t\u00e9cnicas avanzadas de terapia manual y punci\u00f3n seca, y es una referencia en fisioterapia para la disfunci\u00f3n temporomandibular (TMD) y rehabilitaci\u00f3n postoperatoria de cirug\u00eda ortogn\u00e1tica.  <\/p><p>En nuestra cl\u00ednica, la Dra. Izabella acompa\u00f1ar\u00e1 a cada paciente con dedicaci\u00f3n y excelencia, garantizando un tratamiento eficaz y una recuperaci\u00f3n segura y r\u00e1pida. <\/p>\t\t\t\t\t\t\t\t<\/div>\n\t\t\t\t<\/div>\n\t\t\t\t<\/div>\n\t\t<div class=\"elementor-element elementor-element-4f18224 e-con-full e-flex e-con e-child\" data-id=\"4f18224\" data-element_type=\"container\" data-e-type=\"container\">\n\t\t\t\t<div class=\"elementor-element elementor-element-99d8d4b elementor-widget elementor-widget-image\" data-id=\"99d8d4b\" data-element_type=\"widget\" data-e-type=\"widget\" data-widget_type=\"image.default\">\n\t\t\t\t<div class=\"elementor-widget-container\">\n\t\t\t\t\t\t\t\t\t\t\t\t\t\t\t<img decoding=\"async\" width=\"683\" height=\"1024\" src=\"https:\/\/irenemendez.com.br\/wp-content\/uploads\/2025\/03\/MG_9084-copiar-1-683x1024.jpg\" class=\"attachment-large size-large wp-image-2062\" alt=\"\" srcset=\"https:\/\/irenemendez.com.br\/wp-content\/uploads\/2025\/03\/MG_9084-copiar-1-683x1024.jpg 683w, https:\/\/irenemendez.com.br\/wp-content\/uploads\/2025\/03\/MG_9084-copiar-1-200x300.jpg 200w, https:\/\/irenemendez.com.br\/wp-content\/uploads\/2025\/03\/MG_9084-copiar-1-768x1152.jpg 768w, https:\/\/irenemendez.com.br\/wp-content\/uploads\/2025\/03\/MG_9084-copiar-1-1024x1536.jpg 1024w, https:\/\/irenemendez.com.br\/wp-content\/uploads\/2025\/03\/MG_9084-copiar-1-1365x2048.jpg 1365w, https:\/\/irenemendez.com.br\/wp-content\/uploads\/2025\/03\/MG_9084-copiar-1-scaled.jpg 1706w\" sizes=\"(max-width: 683px) 100vw, 683px\" \/>\t\t\t\t\t\t\t\t\t\t\t\t\t\t\t<\/div>\n\t\t\t\t<\/div>\n\t\t\t\t<\/div>\n\t\t\t\t\t<\/div>\n\t\t\t\t<\/div>\n\t\t<div class=\"elementor-element elementor-element-48c7e43 e-flex e-con-boxed e-con e-parent\" data-id=\"48c7e43\" data-element_type=\"container\" data-e-type=\"container\" data-settings=\"{&quot;background_background&quot;:&quot;classic&quot;}\">\n\t\t\t\t\t<div class=\"e-con-inner\">\n\t\t\t\t<div class=\"elementor-element elementor-element-cabd896 elementor-widget elementor-widget-image\" data-id=\"cabd896\" data-element_type=\"widget\" data-e-type=\"widget\" data-widget_type=\"image.default\">\n\t\t\t\t<div class=\"elementor-widget-container\">\n\t\t\t\t\t\t\t\t\t\t\t\t\t\t\t<img loading=\"lazy\" decoding=\"async\" width=\"546\" height=\"600\" src=\"https:\/\/irenemendez.com.br\/wp-content\/uploads\/2024\/06\/equipe.jpg\" class=\"attachment-large size-large wp-image-1446\" alt=\"\" srcset=\"https:\/\/irenemendez.com.br\/wp-content\/uploads\/2024\/06\/equipe.jpg 546w, https:\/\/irenemendez.com.br\/wp-content\/uploads\/2024\/06\/equipe-273x300.jpg 273w\" sizes=\"(max-width: 546px) 100vw, 546px\" \/>\t\t\t\t\t\t\t\t\t\t\t\t\t\t\t<\/div>\n\t\t\t\t<\/div>\n\t\t<div class=\"elementor-element elementor-element-f815bb7 e-con-full e-flex e-con e-child\" data-id=\"f815bb7\" data-element_type=\"container\" data-e-type=\"container\">\n\t\t\t\t<div class=\"elementor-element elementor-element-a446972 elementor-widget elementor-widget-heading\" data-id=\"a446972\" data-element_type=\"widget\" data-e-type=\"widget\" data-widget_type=\"heading.default\">\n\t\t\t\t<div class=\"elementor-widget-container\">\n\t\t\t\t\t<h2 class=\"elementor-heading-title elementor-size-default\">Equipo<\/h2>\t\t\t\t<\/div>\n\t\t\t\t<\/div>\n\t\t\t\t<div class=\"elementor-element elementor-element-a5369ff elementor-widget elementor-widget-text-editor\" data-id=\"a5369ff\" data-element_type=\"widget\" data-e-type=\"widget\" data-widget_type=\"text-editor.default\">\n\t\t\t\t<div class=\"elementor-widget-container\">\n\t\t\t\t\t\t\t\t\t<p>Nuestro equipo de recepci\u00f3n est\u00e1 aqu\u00ed para atenderte con rapidez y eficacia. Mientras preparamos tu cita, puedes relajarte en nuestra sala de espera y disfrutar de una selecci\u00f3n de bebidas. Nos comprometemos a escuchar tu historial m\u00e9dico, comprender tus preocupaciones y responder a todas tus preguntas con empat\u00eda y claridad.  <\/p><p>Lo que nos diferencia es el apoyo integral que ofrecemos: antes, durante y despu\u00e9s de cada servicio.<\/p><p>En nuestra cl\u00ednica, no s\u00f3lo recibes una atenci\u00f3n de calidad, sino que tambi\u00e9n te sientes acogido y apoyado en todo momento.<\/p><p>Ven a visitarnos y descubre la diferencia que un ambiente acogedor puede marcar en tu experiencia sanitaria.<\/p>\t\t\t\t\t\t\t\t<\/div>\n\t\t\t\t<\/div>\n\t\t\t\t<\/div>\n\t\t<div class=\"elementor-element elementor-element-8e19b66 e-con-full e-flex e-con e-child\" data-id=\"8e19b66\" data-element_type=\"container\" data-e-type=\"container\">\n\t\t\t\t<\/div>\n\t\t\t\t\t<\/div>\n\t\t\t\t<\/div>\n\t\t\t\t<\/div>\n\t\t","protected":false},"excerpt":{"rendered":"<p>IRENE M\u00c9NDEZ- MANJ\u00d3N Especialista en Cirug\u00eda Oral y Maxilofacial y Traumatolog\u00eda, M\u00e1ster y Doctorado. Postgraduada en Dolor por el Hospital Israelita Albert Einstein, la Dra. Irene M\u00e9ndez-Manj\u00f3n a\u00fana una formaci\u00f3n acad\u00e9mica de excelencia internacional y una consolidada carrera cl\u00ednica. De origen espa\u00f1ol, se licenci\u00f3 en Odontolog\u00eda por la Universidad de Santiago de Compostela, en Espa\u00f1a, [&hellip;]<\/p>\n","protected":false},"author":1,"featured_media":0,"parent":0,"menu_order":0,"comment_status":"closed","ping_status":"closed","template":"elementor_header_footer","meta":{"_acf_changed":false,"footnotes":""},"class_list":["post-1802","page","type-page","status-publish","hentry"],"acf":[],"yoast_head":"<!-- This site is optimized with the Yoast SEO plugin v27.4 - https:\/\/yoast.com\/product\/yoast-seo-wordpress\/ -->\n<title>Acerca de - Irene M\u00e9ndez Manj\u00f3n<\/title>\n<meta name=\"robots\" content=\"index, follow, max-snippet:-1, max-image-preview:large, max-video-preview:-1\" \/>\n<link rel=\"canonical\" href=\"https:\/\/irenemendez.com.br\/es\/acerca-de\/\" \/>\n<meta property=\"og:locale\" content=\"es_ES\" \/>\n<meta property=\"og:type\" content=\"article\" \/>\n<meta property=\"og:title\" content=\"Acerca de - Irene M\u00e9ndez Manj\u00f3n\" \/>\n<meta property=\"og:description\" content=\"IRENE M\u00c9NDEZ- MANJ\u00d3N Especialista en Cirug\u00eda Oral y Maxilofacial y Traumatolog\u00eda, M\u00e1ster y Doctorado. Postgraduada en Dolor por el Hospital Israelita Albert Einstein, la Dra. Irene M\u00e9ndez-Manj\u00f3n a\u00fana una formaci\u00f3n acad\u00e9mica de excelencia internacional y una consolidada carrera cl\u00ednica. De origen espa\u00f1ol, se licenci\u00f3 en Odontolog\u00eda por la Universidad de Santiago de Compostela, en Espa\u00f1a, [&hellip;]\" \/>\n<meta property=\"og:url\" content=\"https:\/\/irenemendez.com.br\/es\/acerca-de\/\" \/>\n<meta property=\"og:site_name\" content=\"Irene M\u00e9ndez Manj\u00f3n\" \/>\n<meta property=\"article:modified_time\" content=\"2025-10-28T16:57:36+00:00\" \/>\n<meta property=\"og:image\" content=\"https:\/\/irenemendez.com.br\/wp-content\/uploads\/2024\/03\/imf-irene-sobre.png\" \/>\n\t<meta property=\"og:image:width\" content=\"894\" \/>\n\t<meta property=\"og:image:height\" content=\"1194\" \/>\n\t<meta property=\"og:image:type\" content=\"image\/png\" \/>\n<meta name=\"twitter:card\" content=\"summary_large_image\" \/>\n<meta name=\"twitter:label1\" content=\"Tiempo de lectura\" \/>\n\t<meta name=\"twitter:data1\" content=\"4 minutos\" \/>\n<script type=\"application\/ld+json\" class=\"yoast-schema-graph\">{\"@context\":\"https:\\\/\\\/schema.org\",\"@graph\":[{\"@type\":\"WebPage\",\"@id\":\"https:\\\/\\\/irenemendez.com.br\\\/es\\\/acerca-de\\\/\",\"url\":\"https:\\\/\\\/irenemendez.com.br\\\/es\\\/acerca-de\\\/\",\"name\":\"Acerca de - Irene M\u00e9ndez Manj\u00f3n\",\"isPartOf\":{\"@id\":\"https:\\\/\\\/irenemendez.com.br\\\/es\\\/#website\"},\"primaryImageOfPage\":{\"@id\":\"https:\\\/\\\/irenemendez.com.br\\\/es\\\/acerca-de\\\/#primaryimage\"},\"image\":{\"@id\":\"https:\\\/\\\/irenemendez.com.br\\\/es\\\/acerca-de\\\/#primaryimage\"},\"thumbnailUrl\":\"https:\\\/\\\/irenemendez.com.br\\\/wp-content\\\/uploads\\\/2024\\\/03\\\/imf-irene-sobre-767x1024.png\",\"datePublished\":\"2024-03-26T15:09:34+00:00\",\"dateModified\":\"2025-10-28T16:57:36+00:00\",\"breadcrumb\":{\"@id\":\"https:\\\/\\\/irenemendez.com.br\\\/es\\\/acerca-de\\\/#breadcrumb\"},\"inLanguage\":\"es\",\"potentialAction\":[{\"@type\":\"ReadAction\",\"target\":[\"https:\\\/\\\/irenemendez.com.br\\\/es\\\/acerca-de\\\/\"]}]},{\"@type\":\"ImageObject\",\"inLanguage\":\"es\",\"@id\":\"https:\\\/\\\/irenemendez.com.br\\\/es\\\/acerca-de\\\/#primaryimage\",\"url\":\"https:\\\/\\\/irenemendez.com.br\\\/wp-content\\\/uploads\\\/2024\\\/03\\\/imf-irene-sobre-767x1024.png\",\"contentUrl\":\"https:\\\/\\\/irenemendez.com.br\\\/wp-content\\\/uploads\\\/2024\\\/03\\\/imf-irene-sobre-767x1024.png\"},{\"@type\":\"BreadcrumbList\",\"@id\":\"https:\\\/\\\/irenemendez.com.br\\\/es\\\/acerca-de\\\/#breadcrumb\",\"itemListElement\":[{\"@type\":\"ListItem\",\"position\":1,\"name\":\"In\u00edcio\",\"item\":\"https:\\\/\\\/irenemendez.com.br\\\/es\\\/inicio\\\/\"},{\"@type\":\"ListItem\",\"position\":2,\"name\":\"Acerca de\"}]},{\"@type\":\"WebSite\",\"@id\":\"https:\\\/\\\/irenemendez.com.br\\\/es\\\/#website\",\"url\":\"https:\\\/\\\/irenemendez.com.br\\\/es\\\/\",\"name\":\"Irene M\u00e9ndez Manj\u00f3n\",\"description\":\"Cirurgia, Implantodontia e Reabilita\u00e7\u00e3o Oral\",\"publisher\":{\"@id\":\"https:\\\/\\\/irenemendez.com.br\\\/es\\\/#organization\"},\"potentialAction\":[{\"@type\":\"SearchAction\",\"target\":{\"@type\":\"EntryPoint\",\"urlTemplate\":\"https:\\\/\\\/irenemendez.com.br\\\/es\\\/?s={search_term_string}\"},\"query-input\":{\"@type\":\"PropertyValueSpecification\",\"valueRequired\":true,\"valueName\":\"search_term_string\"}}],\"inLanguage\":\"es\"},{\"@type\":\"Organization\",\"@id\":\"https:\\\/\\\/irenemendez.com.br\\\/es\\\/#organization\",\"name\":\"Irene M\u00e9ndez Manj\u00f3n\",\"url\":\"https:\\\/\\\/irenemendez.com.br\\\/es\\\/\",\"logo\":{\"@type\":\"ImageObject\",\"inLanguage\":\"es\",\"@id\":\"https:\\\/\\\/irenemendez.com.br\\\/es\\\/#\\\/schema\\\/logo\\\/image\\\/\",\"url\":\"https:\\\/\\\/irenemendez.com.br\\\/wp-content\\\/uploads\\\/2024\\\/03\\\/logo-rodape.png\",\"contentUrl\":\"https:\\\/\\\/irenemendez.com.br\\\/wp-content\\\/uploads\\\/2024\\\/03\\\/logo-rodape.png\",\"width\":179,\"height\":176,\"caption\":\"Irene M\u00e9ndez Manj\u00f3n\"},\"image\":{\"@id\":\"https:\\\/\\\/irenemendez.com.br\\\/es\\\/#\\\/schema\\\/logo\\\/image\\\/\"},\"sameAs\":[\"https:\\\/\\\/www.instagram.com\\\/irene_mend\"]}]}<\/script>\n<!-- \/ Yoast SEO plugin. -->","yoast_head_json":{"title":"Acerca de - Irene M\u00e9ndez Manj\u00f3n","robots":{"index":"index","follow":"follow","max-snippet":"max-snippet:-1","max-image-preview":"max-image-preview:large","max-video-preview":"max-video-preview:-1"},"canonical":"https:\/\/irenemendez.com.br\/es\/acerca-de\/","og_locale":"es_ES","og_type":"article","og_title":"Acerca de - Irene M\u00e9ndez Manj\u00f3n","og_description":"IRENE M\u00c9NDEZ- MANJ\u00d3N Especialista en Cirug\u00eda Oral y Maxilofacial y Traumatolog\u00eda, M\u00e1ster y Doctorado. Postgraduada en Dolor por el Hospital Israelita Albert Einstein, la Dra. Irene M\u00e9ndez-Manj\u00f3n a\u00fana una formaci\u00f3n acad\u00e9mica de excelencia internacional y una consolidada carrera cl\u00ednica. De origen espa\u00f1ol, se licenci\u00f3 en Odontolog\u00eda por la Universidad de Santiago de Compostela, en Espa\u00f1a, [&hellip;]","og_url":"https:\/\/irenemendez.com.br\/es\/acerca-de\/","og_site_name":"Irene M\u00e9ndez Manj\u00f3n","article_modified_time":"2025-10-28T16:57:36+00:00","og_image":[{"width":894,"height":1194,"url":"https:\/\/irenemendez.com.br\/wp-content\/uploads\/2024\/03\/imf-irene-sobre.png","type":"image\/png"}],"twitter_card":"summary_large_image","twitter_misc":{"Tiempo de lectura":"4 minutos"},"schema":{"@context":"https:\/\/schema.org","@graph":[{"@type":"WebPage","@id":"https:\/\/irenemendez.com.br\/es\/acerca-de\/","url":"https:\/\/irenemendez.com.br\/es\/acerca-de\/","name":"Acerca de - Irene M\u00e9ndez Manj\u00f3n","isPartOf":{"@id":"https:\/\/irenemendez.com.br\/es\/#website"},"primaryImageOfPage":{"@id":"https:\/\/irenemendez.com.br\/es\/acerca-de\/#primaryimage"},"image":{"@id":"https:\/\/irenemendez.com.br\/es\/acerca-de\/#primaryimage"},"thumbnailUrl":"https:\/\/irenemendez.com.br\/wp-content\/uploads\/2024\/03\/imf-irene-sobre-767x1024.png","datePublished":"2024-03-26T15:09:34+00:00","dateModified":"2025-10-28T16:57:36+00:00","breadcrumb":{"@id":"https:\/\/irenemendez.com.br\/es\/acerca-de\/#breadcrumb"},"inLanguage":"es","potentialAction":[{"@type":"ReadAction","target":["https:\/\/irenemendez.com.br\/es\/acerca-de\/"]}]},{"@type":"ImageObject","inLanguage":"es","@id":"https:\/\/irenemendez.com.br\/es\/acerca-de\/#primaryimage","url":"https:\/\/irenemendez.com.br\/wp-content\/uploads\/2024\/03\/imf-irene-sobre-767x1024.png","contentUrl":"https:\/\/irenemendez.com.br\/wp-content\/uploads\/2024\/03\/imf-irene-sobre-767x1024.png"},{"@type":"BreadcrumbList","@id":"https:\/\/irenemendez.com.br\/es\/acerca-de\/#breadcrumb","itemListElement":[{"@type":"ListItem","position":1,"name":"In\u00edcio","item":"https:\/\/irenemendez.com.br\/es\/inicio\/"},{"@type":"ListItem","position":2,"name":"Acerca de"}]},{"@type":"WebSite","@id":"https:\/\/irenemendez.com.br\/es\/#website","url":"https:\/\/irenemendez.com.br\/es\/","name":"Irene M\u00e9ndez Manj\u00f3n","description":"Cirurgia, Implantodontia e Reabilita\u00e7\u00e3o Oral","publisher":{"@id":"https:\/\/irenemendez.com.br\/es\/#organization"},"potentialAction":[{"@type":"SearchAction","target":{"@type":"EntryPoint","urlTemplate":"https:\/\/irenemendez.com.br\/es\/?s={search_term_string}"},"query-input":{"@type":"PropertyValueSpecification","valueRequired":true,"valueName":"search_term_string"}}],"inLanguage":"es"},{"@type":"Organization","@id":"https:\/\/irenemendez.com.br\/es\/#organization","name":"Irene M\u00e9ndez Manj\u00f3n","url":"https:\/\/irenemendez.com.br\/es\/","logo":{"@type":"ImageObject","inLanguage":"es","@id":"https:\/\/irenemendez.com.br\/es\/#\/schema\/logo\/image\/","url":"https:\/\/irenemendez.com.br\/wp-content\/uploads\/2024\/03\/logo-rodape.png","contentUrl":"https:\/\/irenemendez.com.br\/wp-content\/uploads\/2024\/03\/logo-rodape.png","width":179,"height":176,"caption":"Irene M\u00e9ndez Manj\u00f3n"},"image":{"@id":"https:\/\/irenemendez.com.br\/es\/#\/schema\/logo\/image\/"},"sameAs":["https:\/\/www.instagram.com\/irene_mend"]}]}},"_links":{"self":[{"href":"https:\/\/irenemendez.com.br\/es\/wp-json\/wp\/v2\/pages\/1802","targetHints":{"allow":["GET"]}}],"collection":[{"href":"https:\/\/irenemendez.com.br\/es\/wp-json\/wp\/v2\/pages"}],"about":[{"href":"https:\/\/irenemendez.com.br\/es\/wp-json\/wp\/v2\/types\/page"}],"author":[{"embeddable":true,"href":"https:\/\/irenemendez.com.br\/es\/wp-json\/wp\/v2\/users\/1"}],"replies":[{"embeddable":true,"href":"https:\/\/irenemendez.com.br\/es\/wp-json\/wp\/v2\/comments?post=1802"}],"version-history":[{"count":5,"href":"https:\/\/irenemendez.com.br\/es\/wp-json\/wp\/v2\/pages\/1802\/revisions"}],"predecessor-version":[{"id":2121,"href":"https:\/\/irenemendez.com.br\/es\/wp-json\/wp\/v2\/pages\/1802\/revisions\/2121"}],"wp:attachment":[{"href":"https:\/\/irenemendez.com.br\/es\/wp-json\/wp\/v2\/media?parent=1802"}],"curies":[{"name":"wp","href":"https:\/\/api.w.org\/{rel}","templated":true}]}}