{"id":1806,"date":"2024-03-26T12:09:34","date_gmt":"2024-03-26T15:09:34","guid":{"rendered":"https:\/\/irenemendez.com.br\/about\/"},"modified":"2025-10-28T13:57:36","modified_gmt":"2025-10-28T16:57:36","slug":"about","status":"publish","type":"page","link":"https:\/\/irenemendez.com.br\/en\/about\/","title":{"rendered":"About"},"content":{"rendered":"\t\t<div data-elementor-type=\"wp-page\" data-elementor-id=\"1806\" class=\"elementor elementor-1806 elementor-355\" data-elementor-post-type=\"page\">\n\t\t\t\t<div class=\"elementor-element elementor-element-334e77d e-flex e-con-boxed e-con e-parent\" data-id=\"334e77d\" data-element_type=\"container\" data-e-type=\"container\" data-settings=\"{&quot;background_background&quot;:&quot;gradient&quot;}\">\n\t\t\t\t\t<div class=\"e-con-inner\">\n\t\t<div class=\"elementor-element elementor-element-15d65a9 e-con-full e-flex e-con e-child\" data-id=\"15d65a9\" data-element_type=\"container\" data-e-type=\"container\">\n\t\t\t\t<div class=\"elementor-element elementor-element-98642d1 animated-slow elementor-invisible elementor-widget elementor-widget-heading\" data-id=\"98642d1\" data-element_type=\"widget\" data-e-type=\"widget\" data-settings=\"{&quot;_animation&quot;:&quot;fadeInUp&quot;,&quot;_animation_delay&quot;:20}\" data-widget_type=\"heading.default\">\n\t\t\t\t<div class=\"elementor-widget-container\">\n\t\t\t\t\t<h2 class=\"elementor-heading-title elementor-size-default\">IRENE M\u00c9NDEZ-\nMANJ\u00d3N<\/h2>\t\t\t\t<\/div>\n\t\t\t\t<\/div>\n\t\t\t\t<div class=\"elementor-element elementor-element-41c1dbe elementor-widget elementor-widget-text-editor\" data-id=\"41c1dbe\" data-element_type=\"widget\" data-e-type=\"widget\" data-widget_type=\"text-editor.default\">\n\t\t\t\t<div class=\"elementor-widget-container\">\n\t\t\t\t\t\t\t\t\t<p>Specialist in Oral and Maxillofacial Surgery and Traumatology, Master&#8217;s Degree and Doctorate. With a postgraduate degree in Pain from the Hospital Israelita Albert Einstein, Dr. Irene M\u00e9ndez-Manj\u00f3n brings together academic training of international excellence and a consolidated clinical career.  <\/p><p>Of Spanish origin, he graduated in Dentistry from the University of Santiago de Compostela, in Spain, and was awarded the Extraordinary End of Career Prize for the best academic achievement of the year.<\/p><p>He then began his career in Barcelona (Spain), where he completed a Clinical Residency in Oral Implant Dentistry, a Master&#8217;s Degree in Clinical Research and Biomaterials in Dentistry and the International Master&#8217;s Degree in Oral Surgery &#8211; a three-year theoretical-practical training course in which only six students per year are trained in the areas of surgery, implant dentistry and oral rehabilitation.<\/p><p>She obtained her doctorate with a special mention for excellence Cum Laude, with research focused on the Temporomandibular Joint in the context of Orthognathic Surgery. From then on, she became a professor at the International University of Catalonia (UIC-Barcelona), on the International Master&#8217;s Degree in Oral Surgery and Medical-Surgical Pathology. <\/p><p>Still in Barcelona, he had the opportunity to work at the Maxillofacial Institute of the Teknon Medical Center, considered the best private maxillofacial surgery center in Spain for three consecutive years, according to the Monitor de Reputaci\u00f3n Sanitaria (MRS).<\/p><p>Six years ago, he moved to Brazil for family reasons and today he finds fulfillment practicing his profession in this country.<\/p><p>Throughout his career, he has published several international scientific articles, the most recent being:<br>&#8220;Definition of New Three-Dimensional Cephalometric Analytics of Maxillomandibular Sagittal Relationship of Orthodontics and Orthognathic Surgery: Normative Data Based on 700 CBCT Scans&#8221; (2023).<\/p><p>She is an international lecturer, author of articles published in peer-reviewed journals, former professor of the International Master in Oral Surgery (UIC-Barcelona) and Ad Honorem Guest Professor at the Universidad de Buenos Aires (Argentina).<\/p>\t\t\t\t\t\t\t\t<\/div>\n\t\t\t\t<\/div>\n\t\t\t\t<\/div>\n\t\t<div class=\"elementor-element elementor-element-a99e5dc e-con-full e-flex e-con e-child\" data-id=\"a99e5dc\" data-element_type=\"container\" data-e-type=\"container\">\n\t\t\t\t<div class=\"elementor-element elementor-element-af8cf02 animated-slow elementor-invisible elementor-widget elementor-widget-image\" data-id=\"af8cf02\" data-element_type=\"widget\" data-e-type=\"widget\" data-settings=\"{&quot;_animation&quot;:&quot;fadeIn&quot;}\" data-widget_type=\"image.default\">\n\t\t\t\t<div class=\"elementor-widget-container\">\n\t\t\t\t\t\t\t\t\t\t\t\t\t\t\t<img fetchpriority=\"high\" decoding=\"async\" width=\"767\" height=\"1024\" src=\"https:\/\/irenemendez.com.br\/wp-content\/uploads\/2024\/03\/imf-irene-sobre-767x1024.png\" class=\"attachment-large size-large wp-image-1353\" alt=\"\" srcset=\"https:\/\/irenemendez.com.br\/wp-content\/uploads\/2024\/03\/imf-irene-sobre-767x1024.png 767w, https:\/\/irenemendez.com.br\/wp-content\/uploads\/2024\/03\/imf-irene-sobre-225x300.png 225w, https:\/\/irenemendez.com.br\/wp-content\/uploads\/2024\/03\/imf-irene-sobre-768x1026.png 768w, https:\/\/irenemendez.com.br\/wp-content\/uploads\/2024\/03\/imf-irene-sobre.png 894w\" sizes=\"(max-width: 767px) 100vw, 767px\" \/>\t\t\t\t\t\t\t\t\t\t\t\t\t\t\t<\/div>\n\t\t\t\t<\/div>\n\t\t\t\t<\/div>\n\t\t\t\t\t<\/div>\n\t\t\t\t<\/div>\n\t\t<div class=\"elementor-element elementor-element-f756fdc e-flex e-con-boxed e-con e-parent\" data-id=\"f756fdc\" data-element_type=\"container\" data-e-type=\"container\" data-settings=\"{&quot;background_background&quot;:&quot;classic&quot;}\">\n\t\t\t\t\t<div class=\"e-con-inner\">\n\t\t\t\t<div class=\"elementor-element elementor-element-7382cfe animated-slow elementor-widget__width-inherit elementor-invisible elementor-widget elementor-widget-heading\" data-id=\"7382cfe\" data-element_type=\"widget\" data-e-type=\"widget\" data-settings=\"{&quot;_animation&quot;:&quot;fadeInUp&quot;,&quot;_animation_delay&quot;:20}\" data-widget_type=\"heading.default\">\n\t\t\t\t<div class=\"elementor-widget-container\">\n\t\t\t\t\t<h2 class=\"elementor-heading-title elementor-size-default\">Employees<\/h2>\t\t\t\t<\/div>\n\t\t\t\t<\/div>\n\t\t<div class=\"elementor-element elementor-element-33300c1 e-con-full e-flex e-con e-child\" data-id=\"33300c1\" data-element_type=\"container\" data-e-type=\"container\">\n\t\t\t\t<div class=\"elementor-element elementor-element-0634bbc elementor-widget elementor-widget-image\" data-id=\"0634bbc\" data-element_type=\"widget\" data-e-type=\"widget\" data-widget_type=\"image.default\">\n\t\t\t\t<div class=\"elementor-widget-container\">\n\t\t\t\t\t\t\t\t\t\t\t\t\t\t\t<img decoding=\"async\" width=\"800\" height=\"871\" src=\"https:\/\/irenemendez.com.br\/wp-content\/uploads\/2024\/05\/foto-raquel.jpg\" class=\"attachment-large size-large wp-image-1423\" alt=\"\" srcset=\"https:\/\/irenemendez.com.br\/wp-content\/uploads\/2024\/05\/foto-raquel.jpg 802w, https:\/\/irenemendez.com.br\/wp-content\/uploads\/2024\/05\/foto-raquel-276x300.jpg 276w, https:\/\/irenemendez.com.br\/wp-content\/uploads\/2024\/05\/foto-raquel-768x836.jpg 768w\" sizes=\"(max-width: 800px) 100vw, 800px\" \/>\t\t\t\t\t\t\t\t\t\t\t\t\t\t\t<\/div>\n\t\t\t\t<\/div>\n\t\t\t\t<\/div>\n\t\t<div class=\"elementor-element elementor-element-7915d2e e-con-full e-flex e-con e-child\" data-id=\"7915d2e\" data-element_type=\"container\" data-e-type=\"container\">\n\t\t\t\t<div class=\"elementor-element elementor-element-f9c2685 elementor-widget elementor-widget-heading\" data-id=\"f9c2685\" data-element_type=\"widget\" data-e-type=\"widget\" data-widget_type=\"heading.default\">\n\t\t\t\t<div class=\"elementor-widget-container\">\n\t\t\t\t\t<h2 class=\"elementor-heading-title elementor-size-default\">Dr. Raquel Marinho<\/h2>\t\t\t\t<\/div>\n\t\t\t\t<\/div>\n\t\t\t\t<div class=\"elementor-element elementor-element-fa1efdc elementor-widget elementor-widget-text-editor\" data-id=\"fa1efdc\" data-element_type=\"widget\" data-e-type=\"widget\" data-widget_type=\"text-editor.default\">\n\t\t\t\t<div class=\"elementor-widget-container\">\n\t\t\t\t\t\t\t\t\t<p>Dr. Raquel Rodrigues Marinho, affectionately called &#8220;fairy hands&#8221; by her patients. <\/p><p>Dedicated dentist with over 9 years of experience in aesthetic dentistry, focused on beautifying smiles and restoring dental function.<\/p><p>Specializing in procedures that restore aesthetics and oral health to patients, combining advanced technical skills with a patient-centred approach. Expertise in prevention and early diagnosis, promoting comprehensive oral health. <\/p>\t\t\t\t\t\t\t\t<\/div>\n\t\t\t\t<\/div>\n\t\t\t\t<\/div>\n\t\t<div class=\"elementor-element elementor-element-1a96536 e-con-full e-flex e-con e-child\" data-id=\"1a96536\" data-element_type=\"container\" data-e-type=\"container\">\n\t\t\t\t<div class=\"elementor-element elementor-element-8d368be elementor-widget elementor-widget-heading\" data-id=\"8d368be\" data-element_type=\"widget\" data-e-type=\"widget\" data-widget_type=\"heading.default\">\n\t\t\t\t<div class=\"elementor-widget-container\">\n\t\t\t\t\t<h2 class=\"elementor-heading-title elementor-size-default\">Dr. Izabella Marsico <\/h2>\t\t\t\t<\/div>\n\t\t\t\t<\/div>\n\t\t\t\t<div class=\"elementor-element elementor-element-0ef6233 elementor-widget elementor-widget-text-editor\" data-id=\"0ef6233\" data-element_type=\"widget\" data-e-type=\"widget\" data-widget_type=\"text-editor.default\">\n\t\t\t\t<div class=\"elementor-widget-container\">\n\t\t\t\t\t\t\t\t\t<p>  She has been a physiotherapist for 8 years, with a postgraduate degree in Acupuncture from the McKenzie Method. Her personalized approach uses this technique to prescribe appropriate movements and postures, promoting pain relief and restoring patients&#8217; functionality. <\/p><p>A specialist in the treatment of chronic pain, Dr. Izabella has extensive experience in tension headaches, neck pain related to the temporomandibular joint (TMJ) and dysfunctions of the masticatory muscles. She has also mastered advanced manual therapy and dry needling techniques, and is a reference in physiotherapy for Temporomandibular Dysfunction (TMD) and post-operative rehabilitation for orthognathic surgery.  <\/p><p>At our clinic, Dr. Izabella will be on hand to accompany each patient with dedication and excellence, guaranteeing effective treatment and a safe and speedy recovery. <\/p>\t\t\t\t\t\t\t\t<\/div>\n\t\t\t\t<\/div>\n\t\t\t\t<\/div>\n\t\t<div class=\"elementor-element elementor-element-4f18224 e-con-full e-flex e-con e-child\" data-id=\"4f18224\" data-element_type=\"container\" data-e-type=\"container\">\n\t\t\t\t<div class=\"elementor-element elementor-element-99d8d4b elementor-widget elementor-widget-image\" data-id=\"99d8d4b\" data-element_type=\"widget\" data-e-type=\"widget\" data-widget_type=\"image.default\">\n\t\t\t\t<div class=\"elementor-widget-container\">\n\t\t\t\t\t\t\t\t\t\t\t\t\t\t\t<img decoding=\"async\" width=\"683\" height=\"1024\" src=\"https:\/\/irenemendez.com.br\/wp-content\/uploads\/2025\/03\/MG_9084-copiar-1-683x1024.jpg\" class=\"attachment-large size-large wp-image-2061\" alt=\"\" srcset=\"https:\/\/irenemendez.com.br\/wp-content\/uploads\/2025\/03\/MG_9084-copiar-1-683x1024.jpg 683w, https:\/\/irenemendez.com.br\/wp-content\/uploads\/2025\/03\/MG_9084-copiar-1-200x300.jpg 200w, https:\/\/irenemendez.com.br\/wp-content\/uploads\/2025\/03\/MG_9084-copiar-1-768x1152.jpg 768w, https:\/\/irenemendez.com.br\/wp-content\/uploads\/2025\/03\/MG_9084-copiar-1-1024x1536.jpg 1024w, https:\/\/irenemendez.com.br\/wp-content\/uploads\/2025\/03\/MG_9084-copiar-1-1365x2048.jpg 1365w, https:\/\/irenemendez.com.br\/wp-content\/uploads\/2025\/03\/MG_9084-copiar-1-scaled.jpg 1706w\" sizes=\"(max-width: 683px) 100vw, 683px\" \/>\t\t\t\t\t\t\t\t\t\t\t\t\t\t\t<\/div>\n\t\t\t\t<\/div>\n\t\t\t\t<\/div>\n\t\t\t\t\t<\/div>\n\t\t\t\t<\/div>\n\t\t<div class=\"elementor-element elementor-element-48c7e43 e-flex e-con-boxed e-con e-parent\" data-id=\"48c7e43\" data-element_type=\"container\" data-e-type=\"container\" data-settings=\"{&quot;background_background&quot;:&quot;classic&quot;}\">\n\t\t\t\t\t<div class=\"e-con-inner\">\n\t\t\t\t<div class=\"elementor-element elementor-element-cabd896 elementor-widget elementor-widget-image\" data-id=\"cabd896\" data-element_type=\"widget\" data-e-type=\"widget\" data-widget_type=\"image.default\">\n\t\t\t\t<div class=\"elementor-widget-container\">\n\t\t\t\t\t\t\t\t\t\t\t\t\t\t\t<img loading=\"lazy\" decoding=\"async\" width=\"546\" height=\"600\" src=\"https:\/\/irenemendez.com.br\/wp-content\/uploads\/2024\/06\/equipe.jpg\" class=\"attachment-large size-large wp-image-1445\" alt=\"\" srcset=\"https:\/\/irenemendez.com.br\/wp-content\/uploads\/2024\/06\/equipe.jpg 546w, https:\/\/irenemendez.com.br\/wp-content\/uploads\/2024\/06\/equipe-273x300.jpg 273w\" sizes=\"(max-width: 546px) 100vw, 546px\" \/>\t\t\t\t\t\t\t\t\t\t\t\t\t\t\t<\/div>\n\t\t\t\t<\/div>\n\t\t<div class=\"elementor-element elementor-element-f815bb7 e-con-full e-flex e-con e-child\" data-id=\"f815bb7\" data-element_type=\"container\" data-e-type=\"container\">\n\t\t\t\t<div class=\"elementor-element elementor-element-a446972 elementor-widget elementor-widget-heading\" data-id=\"a446972\" data-element_type=\"widget\" data-e-type=\"widget\" data-widget_type=\"heading.default\">\n\t\t\t\t<div class=\"elementor-widget-container\">\n\t\t\t\t\t<h2 class=\"elementor-heading-title elementor-size-default\">Team<\/h2>\t\t\t\t<\/div>\n\t\t\t\t<\/div>\n\t\t\t\t<div class=\"elementor-element elementor-element-a5369ff elementor-widget elementor-widget-text-editor\" data-id=\"a5369ff\" data-element_type=\"widget\" data-e-type=\"widget\" data-widget_type=\"text-editor.default\">\n\t\t\t\t<div class=\"elementor-widget-container\">\n\t\t\t\t\t\t\t\t\t<p>Our reception team is here to serve you quickly and efficiently. While we prepare your appointment, you can relax in our waiting room and enjoy a selection of drinks. We are committed to listening to your medical history, understanding your concerns and answering all your questions with empathy and clarity.  <\/p><p>What sets us apart is the comprehensive support we offer: before, during and after each service.<\/p><p>At our clinic, you not only receive quality care, but also feel welcomed and supported at all times.<\/p><p>Come and visit us and discover the difference a welcoming atmosphere can make to your healthcare experience.<\/p>\t\t\t\t\t\t\t\t<\/div>\n\t\t\t\t<\/div>\n\t\t\t\t<\/div>\n\t\t<div class=\"elementor-element elementor-element-8e19b66 e-con-full e-flex e-con e-child\" data-id=\"8e19b66\" data-element_type=\"container\" data-e-type=\"container\">\n\t\t\t\t<\/div>\n\t\t\t\t\t<\/div>\n\t\t\t\t<\/div>\n\t\t\t\t<\/div>\n\t\t","protected":false},"excerpt":{"rendered":"<p>IRENE M\u00c9NDEZ- MANJ\u00d3N Specialist in Oral and Maxillofacial Surgery and Traumatology, Master&#8217;s Degree and Doctorate. With a postgraduate degree in Pain from the Hospital Israelita Albert Einstein, Dr. Irene M\u00e9ndez-Manj\u00f3n brings together academic training of international excellence and a consolidated clinical career. Of Spanish origin, he graduated in Dentistry from the University of Santiago de [&hellip;]<\/p>\n","protected":false},"author":1,"featured_media":0,"parent":0,"menu_order":0,"comment_status":"closed","ping_status":"closed","template":"elementor_header_footer","meta":{"_acf_changed":false,"footnotes":""},"class_list":["post-1806","page","type-page","status-publish","hentry"],"acf":[],"yoast_head":"<!-- This site is optimized with the Yoast SEO plugin v27.4 - https:\/\/yoast.com\/product\/yoast-seo-wordpress\/ -->\n<title>About - Irene M\u00e9ndez Manj\u00f3n<\/title>\n<meta name=\"robots\" content=\"index, follow, max-snippet:-1, max-image-preview:large, max-video-preview:-1\" \/>\n<link rel=\"canonical\" href=\"https:\/\/irenemendez.com.br\/en\/about\/\" \/>\n<meta property=\"og:locale\" content=\"en_US\" \/>\n<meta property=\"og:type\" content=\"article\" \/>\n<meta property=\"og:title\" content=\"About - Irene M\u00e9ndez Manj\u00f3n\" \/>\n<meta property=\"og:description\" content=\"IRENE M\u00c9NDEZ- MANJ\u00d3N Specialist in Oral and Maxillofacial Surgery and Traumatology, Master&#8217;s Degree and Doctorate. With a postgraduate degree in Pain from the Hospital Israelita Albert Einstein, Dr. Irene M\u00e9ndez-Manj\u00f3n brings together academic training of international excellence and a consolidated clinical career. Of Spanish origin, he graduated in Dentistry from the University of Santiago de [&hellip;]\" \/>\n<meta property=\"og:url\" content=\"https:\/\/irenemendez.com.br\/en\/about\/\" \/>\n<meta property=\"og:site_name\" content=\"Irene M\u00e9ndez Manj\u00f3n\" \/>\n<meta property=\"article:modified_time\" content=\"2025-10-28T16:57:36+00:00\" \/>\n<meta property=\"og:image\" content=\"https:\/\/irenemendez.com.br\/wp-content\/uploads\/2024\/03\/imf-irene-sobre.png\" \/>\n\t<meta property=\"og:image:width\" content=\"894\" \/>\n\t<meta property=\"og:image:height\" content=\"1194\" \/>\n\t<meta property=\"og:image:type\" content=\"image\/png\" \/>\n<meta name=\"twitter:card\" content=\"summary_large_image\" \/>\n<meta name=\"twitter:label1\" content=\"Est. reading time\" \/>\n\t<meta name=\"twitter:data1\" content=\"3 minutes\" \/>\n<script type=\"application\/ld+json\" class=\"yoast-schema-graph\">{\"@context\":\"https:\\\/\\\/schema.org\",\"@graph\":[{\"@type\":\"WebPage\",\"@id\":\"https:\\\/\\\/irenemendez.com.br\\\/en\\\/about\\\/\",\"url\":\"https:\\\/\\\/irenemendez.com.br\\\/en\\\/about\\\/\",\"name\":\"About - Irene M\u00e9ndez Manj\u00f3n\",\"isPartOf\":{\"@id\":\"https:\\\/\\\/irenemendez.com.br\\\/en\\\/#website\"},\"primaryImageOfPage\":{\"@id\":\"https:\\\/\\\/irenemendez.com.br\\\/en\\\/about\\\/#primaryimage\"},\"image\":{\"@id\":\"https:\\\/\\\/irenemendez.com.br\\\/en\\\/about\\\/#primaryimage\"},\"thumbnailUrl\":\"https:\\\/\\\/irenemendez.com.br\\\/wp-content\\\/uploads\\\/2024\\\/03\\\/imf-irene-sobre-767x1024.png\",\"datePublished\":\"2024-03-26T15:09:34+00:00\",\"dateModified\":\"2025-10-28T16:57:36+00:00\",\"breadcrumb\":{\"@id\":\"https:\\\/\\\/irenemendez.com.br\\\/en\\\/about\\\/#breadcrumb\"},\"inLanguage\":\"en-US\",\"potentialAction\":[{\"@type\":\"ReadAction\",\"target\":[\"https:\\\/\\\/irenemendez.com.br\\\/en\\\/about\\\/\"]}]},{\"@type\":\"ImageObject\",\"inLanguage\":\"en-US\",\"@id\":\"https:\\\/\\\/irenemendez.com.br\\\/en\\\/about\\\/#primaryimage\",\"url\":\"https:\\\/\\\/irenemendez.com.br\\\/wp-content\\\/uploads\\\/2024\\\/03\\\/imf-irene-sobre-767x1024.png\",\"contentUrl\":\"https:\\\/\\\/irenemendez.com.br\\\/wp-content\\\/uploads\\\/2024\\\/03\\\/imf-irene-sobre-767x1024.png\"},{\"@type\":\"BreadcrumbList\",\"@id\":\"https:\\\/\\\/irenemendez.com.br\\\/en\\\/about\\\/#breadcrumb\",\"itemListElement\":[{\"@type\":\"ListItem\",\"position\":1,\"name\":\"In\u00edcio\",\"item\":\"https:\\\/\\\/irenemendez.com.br\\\/en\\\/home\\\/\"},{\"@type\":\"ListItem\",\"position\":2,\"name\":\"About\"}]},{\"@type\":\"WebSite\",\"@id\":\"https:\\\/\\\/irenemendez.com.br\\\/en\\\/#website\",\"url\":\"https:\\\/\\\/irenemendez.com.br\\\/en\\\/\",\"name\":\"Irene M\u00e9ndez Manj\u00f3n\",\"description\":\"Cirurgia, Implantodontia e Reabilita\u00e7\u00e3o Oral\",\"publisher\":{\"@id\":\"https:\\\/\\\/irenemendez.com.br\\\/en\\\/#organization\"},\"potentialAction\":[{\"@type\":\"SearchAction\",\"target\":{\"@type\":\"EntryPoint\",\"urlTemplate\":\"https:\\\/\\\/irenemendez.com.br\\\/en\\\/?s={search_term_string}\"},\"query-input\":{\"@type\":\"PropertyValueSpecification\",\"valueRequired\":true,\"valueName\":\"search_term_string\"}}],\"inLanguage\":\"en-US\"},{\"@type\":\"Organization\",\"@id\":\"https:\\\/\\\/irenemendez.com.br\\\/en\\\/#organization\",\"name\":\"Irene M\u00e9ndez Manj\u00f3n\",\"url\":\"https:\\\/\\\/irenemendez.com.br\\\/en\\\/\",\"logo\":{\"@type\":\"ImageObject\",\"inLanguage\":\"en-US\",\"@id\":\"https:\\\/\\\/irenemendez.com.br\\\/en\\\/#\\\/schema\\\/logo\\\/image\\\/\",\"url\":\"https:\\\/\\\/irenemendez.com.br\\\/wp-content\\\/uploads\\\/2024\\\/03\\\/logo-rodape.png\",\"contentUrl\":\"https:\\\/\\\/irenemendez.com.br\\\/wp-content\\\/uploads\\\/2024\\\/03\\\/logo-rodape.png\",\"width\":179,\"height\":176,\"caption\":\"Irene M\u00e9ndez Manj\u00f3n\"},\"image\":{\"@id\":\"https:\\\/\\\/irenemendez.com.br\\\/en\\\/#\\\/schema\\\/logo\\\/image\\\/\"},\"sameAs\":[\"https:\\\/\\\/www.instagram.com\\\/irene_mend\"]}]}<\/script>\n<!-- \/ Yoast SEO plugin. -->","yoast_head_json":{"title":"About - Irene M\u00e9ndez Manj\u00f3n","robots":{"index":"index","follow":"follow","max-snippet":"max-snippet:-1","max-image-preview":"max-image-preview:large","max-video-preview":"max-video-preview:-1"},"canonical":"https:\/\/irenemendez.com.br\/en\/about\/","og_locale":"en_US","og_type":"article","og_title":"About - Irene M\u00e9ndez Manj\u00f3n","og_description":"IRENE M\u00c9NDEZ- MANJ\u00d3N Specialist in Oral and Maxillofacial Surgery and Traumatology, Master&#8217;s Degree and Doctorate. With a postgraduate degree in Pain from the Hospital Israelita Albert Einstein, Dr. Irene M\u00e9ndez-Manj\u00f3n brings together academic training of international excellence and a consolidated clinical career. Of Spanish origin, he graduated in Dentistry from the University of Santiago de [&hellip;]","og_url":"https:\/\/irenemendez.com.br\/en\/about\/","og_site_name":"Irene M\u00e9ndez Manj\u00f3n","article_modified_time":"2025-10-28T16:57:36+00:00","og_image":[{"width":894,"height":1194,"url":"https:\/\/irenemendez.com.br\/wp-content\/uploads\/2024\/03\/imf-irene-sobre.png","type":"image\/png"}],"twitter_card":"summary_large_image","twitter_misc":{"Est. reading time":"3 minutes"},"schema":{"@context":"https:\/\/schema.org","@graph":[{"@type":"WebPage","@id":"https:\/\/irenemendez.com.br\/en\/about\/","url":"https:\/\/irenemendez.com.br\/en\/about\/","name":"About - Irene M\u00e9ndez Manj\u00f3n","isPartOf":{"@id":"https:\/\/irenemendez.com.br\/en\/#website"},"primaryImageOfPage":{"@id":"https:\/\/irenemendez.com.br\/en\/about\/#primaryimage"},"image":{"@id":"https:\/\/irenemendez.com.br\/en\/about\/#primaryimage"},"thumbnailUrl":"https:\/\/irenemendez.com.br\/wp-content\/uploads\/2024\/03\/imf-irene-sobre-767x1024.png","datePublished":"2024-03-26T15:09:34+00:00","dateModified":"2025-10-28T16:57:36+00:00","breadcrumb":{"@id":"https:\/\/irenemendez.com.br\/en\/about\/#breadcrumb"},"inLanguage":"en-US","potentialAction":[{"@type":"ReadAction","target":["https:\/\/irenemendez.com.br\/en\/about\/"]}]},{"@type":"ImageObject","inLanguage":"en-US","@id":"https:\/\/irenemendez.com.br\/en\/about\/#primaryimage","url":"https:\/\/irenemendez.com.br\/wp-content\/uploads\/2024\/03\/imf-irene-sobre-767x1024.png","contentUrl":"https:\/\/irenemendez.com.br\/wp-content\/uploads\/2024\/03\/imf-irene-sobre-767x1024.png"},{"@type":"BreadcrumbList","@id":"https:\/\/irenemendez.com.br\/en\/about\/#breadcrumb","itemListElement":[{"@type":"ListItem","position":1,"name":"In\u00edcio","item":"https:\/\/irenemendez.com.br\/en\/home\/"},{"@type":"ListItem","position":2,"name":"About"}]},{"@type":"WebSite","@id":"https:\/\/irenemendez.com.br\/en\/#website","url":"https:\/\/irenemendez.com.br\/en\/","name":"Irene M\u00e9ndez Manj\u00f3n","description":"Cirurgia, Implantodontia e Reabilita\u00e7\u00e3o Oral","publisher":{"@id":"https:\/\/irenemendez.com.br\/en\/#organization"},"potentialAction":[{"@type":"SearchAction","target":{"@type":"EntryPoint","urlTemplate":"https:\/\/irenemendez.com.br\/en\/?s={search_term_string}"},"query-input":{"@type":"PropertyValueSpecification","valueRequired":true,"valueName":"search_term_string"}}],"inLanguage":"en-US"},{"@type":"Organization","@id":"https:\/\/irenemendez.com.br\/en\/#organization","name":"Irene M\u00e9ndez Manj\u00f3n","url":"https:\/\/irenemendez.com.br\/en\/","logo":{"@type":"ImageObject","inLanguage":"en-US","@id":"https:\/\/irenemendez.com.br\/en\/#\/schema\/logo\/image\/","url":"https:\/\/irenemendez.com.br\/wp-content\/uploads\/2024\/03\/logo-rodape.png","contentUrl":"https:\/\/irenemendez.com.br\/wp-content\/uploads\/2024\/03\/logo-rodape.png","width":179,"height":176,"caption":"Irene M\u00e9ndez Manj\u00f3n"},"image":{"@id":"https:\/\/irenemendez.com.br\/en\/#\/schema\/logo\/image\/"},"sameAs":["https:\/\/www.instagram.com\/irene_mend"]}]}},"_links":{"self":[{"href":"https:\/\/irenemendez.com.br\/en\/wp-json\/wp\/v2\/pages\/1806","targetHints":{"allow":["GET"]}}],"collection":[{"href":"https:\/\/irenemendez.com.br\/en\/wp-json\/wp\/v2\/pages"}],"about":[{"href":"https:\/\/irenemendez.com.br\/en\/wp-json\/wp\/v2\/types\/page"}],"author":[{"embeddable":true,"href":"https:\/\/irenemendez.com.br\/en\/wp-json\/wp\/v2\/users\/1"}],"replies":[{"embeddable":true,"href":"https:\/\/irenemendez.com.br\/en\/wp-json\/wp\/v2\/comments?post=1806"}],"version-history":[{"count":5,"href":"https:\/\/irenemendez.com.br\/en\/wp-json\/wp\/v2\/pages\/1806\/revisions"}],"predecessor-version":[{"id":2123,"href":"https:\/\/irenemendez.com.br\/en\/wp-json\/wp\/v2\/pages\/1806\/revisions\/2123"}],"wp:attachment":[{"href":"https:\/\/irenemendez.com.br\/en\/wp-json\/wp\/v2\/media?parent=1806"}],"curies":[{"name":"wp","href":"https:\/\/api.w.org\/{rel}","templated":true}]}}